{"id":8,"date":"2022-06-05T12:37:26","date_gmt":"2022-06-05T12:37:26","guid":{"rendered":"https:\/\/music-spectrum.com\/?page_id=8"},"modified":"2022-06-17T10:15:45","modified_gmt":"2022-06-17T10:15:45","slug":"festival-spectrum-2022-junij-julij","status":"publish","type":"page","link":"https:\/\/music-spectrum.com\/","title":{"rendered":"Festival Spectrum 2022 &#8211; Julijski del"},"content":{"rendered":"\n<figure class=\"wp-block-image size-large\"><img decoding=\"async\" src=\"https:\/\/music-spectrum.com\/festivalspectrum2021\/wp-content\/uploads\/2021\/07\/Festival_Spectrum_logo.jpg\" alt=\"\" class=\"wp-image-61\"\/><\/figure>\n\n\n\n<h1 class=\"wp-block-heading\">Festival Spectrum 2022 &#8211; Julijski del<\/h1>\n\n\n\n<p>Umetni\u0161ki vodja: <a rel=\"noreferrer noopener\" href=\"https:\/\/balzalorsky.net\" data-type=\"URL\" data-id=\"https:\/\/balzalorsky.net\" target=\"_blank\">Volodja Bal\u017ealorsky<\/a><\/p>\n\n\n\n<h1 class=\"wp-block-heading\">Trio Ritratto dell&#8217; amore<\/h1>\n\n\n\n<p>Cveto Kobal, flavta &#8211; Volodja Bal\u017ealorsky, violina &#8211; Nedka Petkowa, \u010dembalo<\/p>\n\n\n\n<figure class=\"wp-block-image size-full is-resized\"><img loading=\"lazy\" decoding=\"async\" src=\"https:\/\/music-spectrum.com\/wp-content\/uploads\/2022\/06\/Trio-Ritratto-dellamore.jpg\" alt=\"\" class=\"wp-image-11\" width=\"602\" height=\"452\" srcset=\"https:\/\/music-spectrum.com\/wp-content\/uploads\/2022\/06\/Trio-Ritratto-dellamore.jpg 320w, https:\/\/music-spectrum.com\/wp-content\/uploads\/2022\/06\/Trio-Ritratto-dellamore-300x225.jpg 300w\" sizes=\"auto, (max-width: 602px) 100vw, 602px\" \/><\/figure>\n\n\n\n<ul class=\"wp-block-list\"><li><strong>Kaj:<\/strong>\u00a0Komorna glasba<\/li><li><strong>Kdaj:<\/strong>\u00a0sreda, 13.7.2022 od 20.30\u00a0do 22.30<\/li><li><strong>Kje:<\/strong>\u00a0Atrij ZRC SAZU, Novi trg 2,\u00a0Ljubljana<\/li><li>Brez vstopnine <\/li><li><strong><em>Vstop prost. Brezpla\u010dne vstopnice lahko prevzamete zadnjo uro pred koncertom na vhodu v Atrij ZRC SAZU. \u0160tevilo mest je omejeno, zato vam svetujemo, da pridete nekoliko prej.<\/em><\/strong><\/li><li><a rel=\"noreferrer noopener\" href=\"https:\/\/music-spectrum.com\/index.php\/festival-spectrum-2022-trio-ritratto-del-amore\/\" target=\"_blank\"><strong>Ve\u010d o koncertu<\/strong><\/a><\/li><\/ul>\n\n\n\n<h1 class=\"wp-block-heading\">Michael Bochmann, violina<\/h1>\n\n\n\n<figure class=\"wp-block-image size-full is-resized\"><img loading=\"lazy\" decoding=\"async\" src=\"https:\/\/music-spectrum.com\/wp-content\/uploads\/2022\/06\/Michael-Bochmann.jpg\" alt=\"\" class=\"wp-image-12\" width=\"651\" height=\"354\" srcset=\"https:\/\/music-spectrum.com\/wp-content\/uploads\/2022\/06\/Michael-Bochmann.jpg 435w, https:\/\/music-spectrum.com\/wp-content\/uploads\/2022\/06\/Michael-Bochmann-300x163.jpg 300w\" sizes=\"auto, (max-width: 651px) 100vw, 651px\" \/><\/figure>\n\n\n\n<ul class=\"wp-block-list\"><li><strong>Kaj:<\/strong>&nbsp;Klasi\u010dna glasba<\/li><li><strong>Kdaj:<\/strong>&nbsp;sreda, 20.7.2021 od 20.30&nbsp;do 22.30<\/li><li><strong>Kje:<\/strong>&nbsp;Mestni muzej<\/li><li>Brez vstopnine &#8211; <strong><em>Vstop prost. Brezpla\u010dne vstopnice lahko prevzamete zadnjo uro pred koncertom na vhodu v Mestni muzej. \u0160tevilo mest je omejeno, zato vam svetujemo, da pridete nekoliko prej.<\/em><\/strong><\/li><li><a href=\"https:\/\/music-spectrum.com\/index.php\/festival-spectrum-2022-michael-bochmann-violina\/\" target=\"_blank\" rel=\"noreferrer noopener\"><strong>Ve\u010d o koncertu&#8230;<\/strong><\/a><\/li><\/ul>\n\n\n\n<h1 class=\"wp-block-heading\">Godalni trio Horvat-Wernig-Posner<\/h1>\n\n\n\n<ul class=\"wp-block-list\"><li><strong>Kaj:<\/strong>\u00a0Klasi\u010dna glasba<\/li><li><strong>Kdaj:<\/strong>\u00a0sreda, 27.7.2021 od 20.30\u00a0do 22.30<\/li><li><strong>Kje:<\/strong>\u00a0Mestni muzej Ljubljana<\/li><li><strong>Vstopnina:<\/strong>\u00a0Brez vstopnine &#8211; <strong><em>Vstop prost. Brezpla\u010dne vstopnice lahko prevzamete zadnjo uro pred koncertom na vhodu v Mestni muzej. \u0160tevilo mest je omejeno, zato vam svetujemo, da pridete nekoliko prej.<\/em><\/strong><\/li><li><strong><a rel=\"noreferrer noopener\" href=\"https:\/\/music-spectrum.com\/index.php\/festival-spectrum-2022-godalni-trio-horvat-wernig-posner\/\" target=\"_blank\">Ve\u010d o koncertu&#8230;<\/a><\/strong><\/li><\/ul>\n\n\n\n<p>Maja Horvat (Slovenija), violina &#8211; Emma Wernig (Nem\u010dija), viola &#8211; Tim Posner (Velika Britanija), \u010delo<\/p>\n\n\n\n<figure class=\"wp-block-image size-large\"><img loading=\"lazy\" decoding=\"async\" width=\"769\" height=\"1024\" src=\"https:\/\/music-spectrum.com\/wp-content\/uploads\/2022\/06\/Maja-Horvat-120-x-769x1024.jpg\" alt=\"Maja Horvat\" class=\"wp-image-73\" srcset=\"https:\/\/music-spectrum.com\/wp-content\/uploads\/2022\/06\/Maja-Horvat-120-x-769x1024.jpg 769w, https:\/\/music-spectrum.com\/wp-content\/uploads\/2022\/06\/Maja-Horvat-120-x-225x300.jpg 225w, https:\/\/music-spectrum.com\/wp-content\/uploads\/2022\/06\/Maja-Horvat-120-x-768x1022.jpg 768w, https:\/\/music-spectrum.com\/wp-content\/uploads\/2022\/06\/Maja-Horvat-120-x-1154x1536.jpg 1154w, https:\/\/music-spectrum.com\/wp-content\/uploads\/2022\/06\/Maja-Horvat-120-x.jpg 1200w\" sizes=\"auto, (max-width: 769px) 100vw, 769px\" \/><figcaption>Maja Horvat<\/figcaption><\/figure>\n\n\n\n<p><\/p>\n\n\n\n<p><strong>Festival Spectrum omogo\u010dajo<\/strong><\/p>\n\n\n\n<p>MESTNA OB\u010cINA LJUBLJANA<\/p>\n\n\n\n<figure class=\"wp-block-image size-large\"><img decoding=\"async\" src=\"https:\/\/music-spectrum.com\/festivalspectrum2021\/wp-content\/uploads\/2021\/07\/grayscale_image_generator-83-257x220-copy.jpg\" alt=\"\" class=\"wp-image-51\"\/><\/figure>\n\n\n\n<p>MINISTRSTVO ZA KULTURO<\/p>\n\n\n\n<figure class=\"wp-block-image size-large\"><img decoding=\"async\" src=\"https:\/\/music-spectrum.com\/festivalspectrum2021\/wp-content\/uploads\/2021\/07\/Ministrstvo300.jpg\" alt=\"\" class=\"wp-image-50\"\/><\/figure>\n\n\n\n<p>Ustanova Imago kot ko-producent julijskega dela festivala<\/p>\n\n\n\n<figure class=\"wp-block-image size-large\"><img decoding=\"async\" src=\"https:\/\/music-spectrum.com\/festivalspectrum2021\/wp-content\/uploads\/2021\/07\/logo-imago.jpeg\" alt=\"\" class=\"wp-image-49\"\/><\/figure>\n","protected":false},"excerpt":{"rendered":"<p>Festival Spectrum 2022 &#8211; Julijski del Umetni\u0161ki vodja: Volodja Bal\u017ealorsky Trio Ritratto dell&#8217; amore Cveto Kobal, flavta &#8211; Volodja Bal\u017ealorsky, violina &#8211; Nedka Petkowa, \u010dembalo Kaj:\u00a0Komorna glasba Kdaj:\u00a0sreda, 13.7.2022 od 20.30\u00a0do 22.30 Kje:\u00a0Atrij ZRC SAZU, Novi trg 2,\u00a0Ljubljana Brez vstopnine Vstop prost. Brezpla\u010dne vstopnice lahko prevzamete zadnjo uro pred koncertom na vhodu v Atrij ZRC&hellip;&nbsp;<a href=\"https:\/\/music-spectrum.com\/\" class=\"\" rel=\"bookmark\">Read More &raquo;<span class=\"screen-reader-text\">Festival Spectrum 2022 &#8211; Julijski del<\/span><\/a><\/p>\n","protected":false},"author":1,"featured_media":0,"parent":0,"menu_order":0,"comment_status":"closed","ping_status":"closed","template":"","meta":{"neve_meta_sidebar":"","neve_meta_container":"","neve_meta_enable_content_width":"","neve_meta_content_width":0,"neve_meta_title_alignment":"","neve_meta_author_avatar":"","neve_post_elements_order":"","neve_meta_disable_header":"","neve_meta_disable_footer":"","neve_meta_disable_title":"on","footnotes":""},"class_list":["post-8","page","type-page","status-publish","hentry"],"_links":{"self":[{"href":"https:\/\/music-spectrum.com\/index.php\/wp-json\/wp\/v2\/pages\/8","targetHints":{"allow":["GET"]}}],"collection":[{"href":"https:\/\/music-spectrum.com\/index.php\/wp-json\/wp\/v2\/pages"}],"about":[{"href":"https:\/\/music-spectrum.com\/index.php\/wp-json\/wp\/v2\/types\/page"}],"author":[{"embeddable":true,"href":"https:\/\/music-spectrum.com\/index.php\/wp-json\/wp\/v2\/users\/1"}],"replies":[{"embeddable":true,"href":"https:\/\/music-spectrum.com\/index.php\/wp-json\/wp\/v2\/comments?post=8"}],"version-history":[{"count":12,"href":"https:\/\/music-spectrum.com\/index.php\/wp-json\/wp\/v2\/pages\/8\/revisions"}],"predecessor-version":[{"id":124,"href":"https:\/\/music-spectrum.com\/index.php\/wp-json\/wp\/v2\/pages\/8\/revisions\/124"}],"wp:attachment":[{"href":"https:\/\/music-spectrum.com\/index.php\/wp-json\/wp\/v2\/media?parent=8"}],"curies":[{"name":"wp","href":"https:\/\/api.w.org\/{rel}","templated":true}]}}