{"id":19,"date":"2022-06-05T12:58:34","date_gmt":"2022-06-05T12:58:34","guid":{"rendered":"https:\/\/music-spectrum.com\/?page_id=19"},"modified":"2022-07-25T10:23:42","modified_gmt":"2022-07-25T10:23:42","slug":"festival-spectrum-2022-godalni-trio-horvat-wernig-posner","status":"publish","type":"page","link":"https:\/\/music-spectrum.com\/index.php\/festival-spectrum-2022-godalni-trio-horvat-wernig-posner\/","title":{"rendered":"Festival Spectrum 2022 &#8211; Godalni trio Horvat-Wernig-Posner"},"content":{"rendered":"\n<figure class=\"wp-block-image size-large\"><img decoding=\"async\" src=\"https:\/\/music-spectrum.com\/festivalspectrum2021\/wp-content\/uploads\/2021\/07\/Festival_Spectrum_logo.jpg\" alt=\"\" class=\"wp-image-61\"\/><\/figure>\n\n\n\n<h1 class=\"wp-block-heading\">Godalni trio Horvat-Wernig-Posner<\/h1>\n\n\n\n<ul class=\"wp-block-list\"><li><strong>Kaj:<\/strong>\u00a0Klasi\u010dna glasba<\/li><li><strong>Kdaj:<\/strong>\u00a0sreda, 27.7.2021 od 20.30\u00a0do 22.30<\/li><li><strong>Kje:<\/strong>\u00a0Mestni muzej Ljubljana<\/li><li><strong>Vstopnina:<\/strong>\u00a0Brez vstopnine &#8211; <strong><em>Vstop prost. <\/em><\/strong><\/li><\/ul>\n\n\n\n<p><strong>Maja Horvat<\/strong> (Slovenija), violina &#8211; <strong>Emma Wernig<\/strong> (Nem\u010dija), viola &#8211; <strong>Tim Posner<\/strong> (Velika Britanija), \u010delo<\/p>\n\n\n\n<p><strong>Program:<\/strong><\/p>\n\n\n\n<p><strong>HENRY PURCELL<\/strong> (1659\u20131695)<\/p>\n\n\n\n<p>Fantazija v d-molu, Z732  &#8211; Fantazija v F-duru, Z733 &#8211; Fantazija v g-molu, Z734<\/p>\n\n\n\n<p><\/p>\n\n\n\n<p><strong>MIECZYS\u0141AW WEINBERG<\/strong> (1919\u20131996)<\/p>\n\n\n\n<p>Godalni trio Op.48<br><em>Allegro con moto<br>Moderato<br>Allegretto con moto                                                                                                                                 Andante        Moderato Assai<\/em><\/p>\n\n\n\n<p><strong>LUDWIG VAN BEETHOVEN<\/strong> (1770-1827)<\/p>\n\n\n\n<p>Godalni trio v D-duru \u0161t. 2, op. 9<br><em>Allegretto Andante quasi<br>Allegretto Menuetto<br>Allegro Rondo<br>Allegro<\/em><\/p>\n\n\n\n<h4 class=\"wp-block-heading\"><strong>Maja Horvat<\/strong>, violina<\/h4>\n\n\n\n<figure class=\"wp-block-image size-large\"><img loading=\"lazy\" decoding=\"async\" width=\"769\" height=\"1024\" src=\"https:\/\/music-spectrum.com\/wp-content\/uploads\/2022\/06\/Maja-Horvat-120-x-769x1024.jpg\" alt=\"Maja Horvat\" class=\"wp-image-73\" srcset=\"https:\/\/music-spectrum.com\/wp-content\/uploads\/2022\/06\/Maja-Horvat-120-x-769x1024.jpg 769w, https:\/\/music-spectrum.com\/wp-content\/uploads\/2022\/06\/Maja-Horvat-120-x-225x300.jpg 225w, https:\/\/music-spectrum.com\/wp-content\/uploads\/2022\/06\/Maja-Horvat-120-x-768x1022.jpg 768w, https:\/\/music-spectrum.com\/wp-content\/uploads\/2022\/06\/Maja-Horvat-120-x-1154x1536.jpg 1154w, https:\/\/music-spectrum.com\/wp-content\/uploads\/2022\/06\/Maja-Horvat-120-x.jpg 1200w\" sizes=\"auto, (max-width: 769px) 100vw, 769px\" \/><figcaption>Maja Horvat<\/figcaption><\/figure>\n\n\n\n<p>Izjemno nadarjena violinistka&nbsp;<strong>Maja Horvat<\/strong>&nbsp;je po zaklju\u010dku \u0161tudija pri prof. Volodji Bal\u017ealorkem na Konservatoriju v Ljubljani nadaljevala \u0161tudij na presti\u017enem Kraljevem kolid\u017eu za glasbo v Londonu, kjer je opravila sprejemne izpite z najbolj\u0161imi ocenami med vsemi sodelujo\u010dimi kandidati. Leto dni po pri\u010detku \u0161tudija je \u017ee prejela drugo nagrado na tekmovanju Grand Prize Virtuoso 2016 v Londonu, leta 2018 dosegla 3. mesto in posebno nagrado na Mednarodnem tekmovanju Karola Szymanowskega in bila nagrajena z nagrado Emily Anderson za leto 2019\/20, ki jo podeljuje Kraljeva filharmoni\u010dna dru\u017eba. <\/p>\n\n\n\n<p>Kot solistka je nastopila z orkestrom Slovenske filharmonije in Komornim orkestrom Slovenske filharmonije, Komornim orkestrom Mendelssohn, Simfoni\u010dnim orkestrom Nacionalnega poljskega radia, Simfoni\u010dnim orkestrom KGBL ter Komornim orkestrom Mladi ljubljanski solisti.<\/p>\n\n\n\n<p><a rel=\"noreferrer noopener\" href=\"https:\/\/www.majahorvat.com\" data-type=\"URL\" data-id=\"https:\/\/www.majahorvat.com\" target=\"_blank\"><strong>www.majahorvat.com<\/strong><\/a><\/p>\n\n\n\n<h4 class=\"wp-block-heading\"><strong>Emma Wernig<\/strong>, viola<\/h4>\n\n\n\n<figure class=\"wp-block-image size-large\"><img loading=\"lazy\" decoding=\"async\" width=\"688\" height=\"1024\" src=\"https:\/\/music-spectrum.com\/wp-content\/uploads\/2022\/06\/Emma-Wernig-Photo1200x-688x1024.jpg\" alt=\"Emma Wernig\" class=\"wp-image-75\" srcset=\"https:\/\/music-spectrum.com\/wp-content\/uploads\/2022\/06\/Emma-Wernig-Photo1200x-688x1024.jpg 688w, https:\/\/music-spectrum.com\/wp-content\/uploads\/2022\/06\/Emma-Wernig-Photo1200x-202x300.jpg 202w, https:\/\/music-spectrum.com\/wp-content\/uploads\/2022\/06\/Emma-Wernig-Photo1200x-768x1143.jpg 768w, https:\/\/music-spectrum.com\/wp-content\/uploads\/2022\/06\/Emma-Wernig-Photo1200x-1032x1536.jpg 1032w, https:\/\/music-spectrum.com\/wp-content\/uploads\/2022\/06\/Emma-Wernig-Photo1200x.jpg 1200w\" sizes=\"auto, (max-width: 688px) 100vw, 688px\" \/><figcaption>Emma Wernig<\/figcaption><\/figure>\n\n\n\n<p>Violistka Emma Wernig, ki jo je revija The Strad ozna\u010dila kot &#8220;Nova vzhajajo\u010da zveda viole!&#8221;, je mlada umetnica s pristnim glasbenim izrazom. <\/p>\n\n\n\n<p>Rojena je leta 1999 v Los Angelesu v Kaliforniji. Njeno ustvarjanje glasbe jo je popeljalo po vsem svetu. Je nagrajenka \u0161tevilnih mednarodnih tekmovanj<\/p>\n\n\n\n<p>Emma je prejemnica presti\u017ene nagrade Barbirolli na mednarodnem tekmovanju za violo Tertis 2019. Kot rezultat zmage na mednarodnem tekmovanju za violo Cecila Aronowitza 2017, je julija 2021 skupaj s pianistom Albertom Cano-Smitom izdala svoj debitantski album redkih avstrijskih del za violo pri zalo\u017ebi Champs Hill, ki je prejel pohvale kritikov.<\/p>\n\n\n\n<p>Nastopila je na Festspiele Mecklenburg-Vorpommern, Francoskem Festivalu de Musique de Wissembourg, Krzyzowa Music, Verbier Festival Academy, Kronbergovi komorni glasbi Connects the World in na festivalu Vevey Spring Classic v \u0160vici. Kot \u0161tipendistka Mozart Gesellschaft Dortmund prejema njihovo podporo in nastopa kot solistka v njihovi sezoni 2021\/22.<\/p>\n\n\n\n<p>Emmina najve\u010dja strast je igranje komorne glasbe. Sodelovala je z umetniki, kot so Janine Jansen, Gidon Kremer, Lynn Harrell, Steven Isserlis, Daniel M\u00fcller Schott, Christian Tetzlaff, Nils M\u00f6nkemeyer, Anthony Marwood.<\/p>\n\n\n\n<p>Emma Wernig je diplomirala na konservatoriju Colburn, kjer je \u0161tudirala pri Paulu Colettiju in magistrirala pri Ettoreju Causa na Yale School of Music. Trenutno \u0161tudira pri Tabei Zimmermann na Musikhochschule Hanns Eisler in prebiva v Berlinu v Nem\u010diji.<\/p>\n\n\n\n<p><strong><a href=\"https:\/\/www.emmawernig.com\" data-type=\"URL\" data-id=\"https:\/\/www.emmawernig.com\" target=\"_blank\" rel=\"noreferrer noopener\">www.emmawernig.com<\/a><\/strong><\/p>\n\n\n\n<p><\/p>\n\n\n\n<h4 class=\"wp-block-heading\"><strong>Tim Posner,<\/strong> violon\u010delo<\/h4>\n\n\n\n<figure class=\"wp-block-image size-large\"><img loading=\"lazy\" decoding=\"async\" width=\"683\" height=\"1024\" src=\"https:\/\/music-spectrum.com\/wp-content\/uploads\/2022\/06\/Tim-Posner-photo1200x-683x1024.jpg\" alt=\"Tim Posner\" class=\"wp-image-74\" srcset=\"https:\/\/music-spectrum.com\/wp-content\/uploads\/2022\/06\/Tim-Posner-photo1200x-683x1024.jpg 683w, https:\/\/music-spectrum.com\/wp-content\/uploads\/2022\/06\/Tim-Posner-photo1200x-200x300.jpg 200w, https:\/\/music-spectrum.com\/wp-content\/uploads\/2022\/06\/Tim-Posner-photo1200x-768x1152.jpg 768w, https:\/\/music-spectrum.com\/wp-content\/uploads\/2022\/06\/Tim-Posner-photo1200x-1024x1536.jpg 1024w, https:\/\/music-spectrum.com\/wp-content\/uploads\/2022\/06\/Tim-Posner-photo1200x.jpg 1200w\" sizes=\"auto, (max-width: 683px) 100vw, 683px\" \/><figcaption>Tim Posner<\/figcaption><\/figure>\n\n\n\n<p>Leta 2018 je Tim postal prvi britanski \u010delist, ki je prejel nagrado na mednarodnem tekmovanju Karla Davidova v Latviji. Tim je nastopil kot solist z orkestri, vklju\u010dno z NDR Radiophilharmonie, Royal Philharmonic Orchestra in London Mozart Players. Vrhunci sezone 2021\/22 vklju\u010dujejo posnetek Cipriani Potterjevega Concertante z BBC NOW, premiero Koncerta Pola Piattija in turnejo IMS Open Chamber Music.<\/p>\n\n\n\n<p>Leta 2010 je Tim ustanovil The Teyber Trio s Timom Crawfordom in Timothyjem Ridoutom. Nastopal je na mednarodnih festivalih komorne glasbe, vklju\u010dno s festivali IMS (Open Chamber Music), Molyvos, Musikdorf Ernen, Cheltenham in Kronberg. Sodeloval je z glasbeniki, kot so Gidon Kremer, Sir Andras Schiff, Christian Tetzlaff, Liza Ferschtman, Anthony Marwood in Doric Quartet.<\/p>\n\n\n\n<p>Nastopal je kot gostujo\u010di glavni violon\u010delist z orkestri, vklju\u010dno z Amsterdamsko simfonietto, Deutsche Kammerphilharmonie in Kammerakademie Potsdam.<\/p>\n\n\n\n<p>Tim \u0161tudira v &#8220;Solo razredu&#8221; prof. Leonida Gorohova v Hannovru. Veliko navdih \u010drpa iz mojstrskih te\u010dajev s Stevenom Isserlisom.<\/p>\n\n\n\n<pre id=\"tw-target-text\" class=\"wp-block-preformatted\"><a href=\"http:\/\/www.timposner.com\" data-type=\"URL\" data-id=\"http:\/\/www.timposner.com\" target=\"_blank\" rel=\"noreferrer noopener\"><strong>www.timposner.com<\/strong><\/a><\/pre>\n\n\n\n<p><\/p>\n\n\n\n<p><\/p>\n\n\n\n<p><strong><a href=\"https:\/\/music-spectrum.com\" target=\"_blank\" rel=\"noreferrer noopener\">Festival Spectrum<\/a> omogo\u010dajo<\/strong><\/p>\n\n\n\n<p>MESTNA OB\u010cINA LJUBLJANA<\/p>\n\n\n\n<figure class=\"wp-block-image size-large\"><img decoding=\"async\" src=\"https:\/\/music-spectrum.com\/festivalspectrum2021\/wp-content\/uploads\/2021\/07\/grayscale_image_generator-83-257x220-copy.jpg\" alt=\"\" class=\"wp-image-51\"\/><\/figure>\n\n\n\n<p>MINISTRSTVO ZA KULTURO<\/p>\n\n\n\n<figure class=\"wp-block-image size-large\"><img decoding=\"async\" src=\"https:\/\/music-spectrum.com\/festivalspectrum2021\/wp-content\/uploads\/2021\/07\/Ministrstvo300.jpg\" alt=\"\" class=\"wp-image-50\"\/><\/figure>\n\n\n\n<p>Ustanova Imago kot ko-producent julijskega dela festivala<\/p>\n\n\n\n<figure class=\"wp-block-image size-large\"><img decoding=\"async\" src=\"https:\/\/music-spectrum.com\/festivalspectrum2021\/wp-content\/uploads\/2021\/07\/logo-imago.jpeg\" alt=\"\" class=\"wp-image-49\"\/><\/figure>\n","protected":false},"excerpt":{"rendered":"<p>Godalni trio Horvat-Wernig-Posner Kaj:\u00a0Klasi\u010dna glasba Kdaj:\u00a0sreda, 27.7.2021 od 20.30\u00a0do 22.30 Kje:\u00a0Mestni muzej Ljubljana Vstopnina:\u00a0Brez vstopnine &#8211; Vstop prost. Maja Horvat (Slovenija), violina &#8211; Emma Wernig (Nem\u010dija), viola &#8211; Tim Posner (Velika Britanija), \u010delo Program: HENRY PURCELL (1659\u20131695) Fantazija v d-molu, Z732 &#8211; Fantazija v F-duru, Z733 &#8211; Fantazija v g-molu, Z734 MIECZYS\u0141AW WEINBERG (1919\u20131996) Godalni&hellip;&nbsp;<a href=\"https:\/\/music-spectrum.com\/index.php\/festival-spectrum-2022-godalni-trio-horvat-wernig-posner\/\" class=\"\" rel=\"bookmark\">Read More &raquo;<span class=\"screen-reader-text\">Festival Spectrum 2022 &#8211; Godalni trio Horvat-Wernig-Posner<\/span><\/a><\/p>\n","protected":false},"author":1,"featured_media":0,"parent":0,"menu_order":0,"comment_status":"closed","ping_status":"closed","template":"","meta":{"neve_meta_sidebar":"","neve_meta_container":"","neve_meta_enable_content_width":"","neve_meta_content_width":0,"neve_meta_title_alignment":"","neve_meta_author_avatar":"","neve_post_elements_order":"","neve_meta_disable_header":"","neve_meta_disable_footer":"","neve_meta_disable_title":"on","footnotes":""},"class_list":["post-19","page","type-page","status-publish","hentry"],"_links":{"self":[{"href":"https:\/\/music-spectrum.com\/index.php\/wp-json\/wp\/v2\/pages\/19","targetHints":{"allow":["GET"]}}],"collection":[{"href":"https:\/\/music-spectrum.com\/index.php\/wp-json\/wp\/v2\/pages"}],"about":[{"href":"https:\/\/music-spectrum.com\/index.php\/wp-json\/wp\/v2\/types\/page"}],"author":[{"embeddable":true,"href":"https:\/\/music-spectrum.com\/index.php\/wp-json\/wp\/v2\/users\/1"}],"replies":[{"embeddable":true,"href":"https:\/\/music-spectrum.com\/index.php\/wp-json\/wp\/v2\/comments?post=19"}],"version-history":[{"count":14,"href":"https:\/\/music-spectrum.com\/index.php\/wp-json\/wp\/v2\/pages\/19\/revisions"}],"predecessor-version":[{"id":146,"href":"https:\/\/music-spectrum.com\/index.php\/wp-json\/wp\/v2\/pages\/19\/revisions\/146"}],"wp:attachment":[{"href":"https:\/\/music-spectrum.com\/index.php\/wp-json\/wp\/v2\/media?parent=19"}],"curies":[{"name":"wp","href":"https:\/\/api.w.org\/{rel}","templated":true}]}}