{"id":17,"date":"2022-06-05T12:57:20","date_gmt":"2022-06-05T12:57:20","guid":{"rendered":"https:\/\/music-spectrum.com\/?page_id=17"},"modified":"2022-06-17T10:17:10","modified_gmt":"2022-06-17T10:17:10","slug":"festival-spectrum-2022-michael-bochmann-violina","status":"publish","type":"page","link":"https:\/\/music-spectrum.com\/index.php\/festival-spectrum-2022-michael-bochmann-violina\/","title":{"rendered":"Festival Spectrum 2022 &#8211; Michael Bochmann, violina"},"content":{"rendered":"\n<figure class=\"wp-block-image size-large\"><img decoding=\"async\" src=\"https:\/\/music-spectrum.com\/festivalspectrum2021\/wp-content\/uploads\/2021\/07\/Festival_Spectrum_logo.jpg\" alt=\"\" class=\"wp-image-61\"\/><\/figure>\n\n\n\n<h1 class=\"wp-block-heading\">Michael Bochmann, violina<\/h1>\n\n\n\n<figure class=\"wp-block-image size-full is-resized\"><img loading=\"lazy\" decoding=\"async\" src=\"https:\/\/music-spectrum.com\/wp-content\/uploads\/2022\/06\/Michael-Bochmann.jpg\" alt=\"\" class=\"wp-image-12\" width=\"651\" height=\"354\" srcset=\"https:\/\/music-spectrum.com\/wp-content\/uploads\/2022\/06\/Michael-Bochmann.jpg 435w, https:\/\/music-spectrum.com\/wp-content\/uploads\/2022\/06\/Michael-Bochmann-300x163.jpg 300w\" sizes=\"auto, (max-width: 651px) 100vw, 651px\" \/><\/figure>\n\n\n\n<ul class=\"wp-block-list\"><li><strong>Kaj:<\/strong>\u00a0Klasi\u010dna glasba<\/li><li><strong>Kdaj:<\/strong>\u00a0sreda, 20.7.2021 od 20.30\u00a0do 22.30<\/li><li><strong>Kje:<\/strong>\u00a0Mestni muzej Ljubljana<\/li><li>Brez vstopnine &#8211; <strong><em>Brezpla\u010dne vstopnice lahko prevzamete zadnjo uro pred koncertom na vhodu v Mestni muzej. \u0160tevilo mest je omejeno, zato vam svetujemo, da pridete nekoliko prej.<\/em><\/strong><\/li><\/ul>\n\n\n\n<p>Spored:<\/p>\n\n\n\n<p><strong>Johan Sebastian Bach<\/strong>: Partita za violino solo \u0161t. 1 v h molu <br><em>Allemanda<br>Double<br>Corrente<br>Double, Presto<br>Sarabande<br>Double<br>Tempo di Borea<br>Double<\/em><\/p>\n\n\n\n<p><strong>Igor Dekleva<\/strong>: Poetico<\/p>\n\n\n\n<p><strong>Christopher Bochmann:<\/strong> Caprice Modal<\/p>\n\n\n\n<p><br>&#8216;Amazing Grace&#8217; &#8211; priredba (arranged) &nbsp;Michael Bochmann<\/p>\n\n\n\n<p><br>&#8216;In a County Garden\u2019 &nbsp;&#8211; priredba (arranged) Michael Bochmann<\/p>\n\n\n\n<p>Violinist Michael Bochmann se uvr\u0161\u010da med vodilne angle\u0161ke violiniste. Leta 1972 je bil nagrajenec mednarodnega tekmovanja Carl Flesch v Londonu in tudi nagrajenec tekmovanja Jacques Thibaud v Parizu. Od takrat redno koncertira v Evropi in ZDA. Mnogo let je bil vodja slovitega godalnega kvarteta Bochmann, s katerim je prepotoval ves svet in posnel \u0161tevilne CD plo\u0161\u010de. V svoji karieri je bil Michael Bochmann tudi koncertni mojster ve\u010dih komornih in sinfoni\u010dnih orkestrov.<br>Leta 1990 je kot solist skupaj z Yehudi Menuhinom nastopil na osemnajstih koncertih v ZDA in Veliki Britaniji. Z English Symphony Orchestra je kot solist posnel &#8220;The Lark Ascending&#8221; skladatelja Vaughana Williamsa za zalo\u017ebo Nimbus. Ta posnetek se zelo pogosto predvaja na razli\u010dnih radijkih postajah, med njimi tudi Radio 3 in Classic FM.&nbsp;<\/p>\n\n\n\n<figure class=\"wp-block-image size-large\"><img loading=\"lazy\" decoding=\"async\" width=\"1024\" height=\"1005\" src=\"https:\/\/music-spectrum.com\/wp-content\/uploads\/2022\/06\/Michael-Bochmann-1-1024x1005.jpg\" alt=\"Michael-Bochmann\" class=\"wp-image-116\" srcset=\"https:\/\/music-spectrum.com\/wp-content\/uploads\/2022\/06\/Michael-Bochmann-1-1024x1005.jpg 1024w, https:\/\/music-spectrum.com\/wp-content\/uploads\/2022\/06\/Michael-Bochmann-1-300x294.jpg 300w, https:\/\/music-spectrum.com\/wp-content\/uploads\/2022\/06\/Michael-Bochmann-1-768x753.jpg 768w, https:\/\/music-spectrum.com\/wp-content\/uploads\/2022\/06\/Michael-Bochmann-1.jpg 1266w\" sizes=\"auto, (max-width: 1024px) 100vw, 1024px\" \/><figcaption>Michael-Bochmann<\/figcaption><\/figure>\n\n\n\n<p><strong><a href=\"https:\/\/music-spectrum.com\" target=\"_blank\" rel=\"noreferrer noopener\">Festival Spectrum<\/a> omogo\u010dajo<\/strong><\/p>\n\n\n\n<p>MESTNA OB\u010cINA LJUBLJANA<\/p>\n\n\n\n<figure class=\"wp-block-image size-large\"><img decoding=\"async\" src=\"https:\/\/music-spectrum.com\/festivalspectrum2021\/wp-content\/uploads\/2021\/07\/grayscale_image_generator-83-257x220-copy.jpg\" alt=\"\" class=\"wp-image-51\"\/><\/figure>\n\n\n\n<p>MINISTRSTVO ZA KULTURO<\/p>\n\n\n\n<figure class=\"wp-block-image size-large\"><img decoding=\"async\" src=\"https:\/\/music-spectrum.com\/festivalspectrum2021\/wp-content\/uploads\/2021\/07\/Ministrstvo300.jpg\" alt=\"\" class=\"wp-image-50\"\/><\/figure>\n\n\n\n<p>Ustanova Imago kot ko-producent julijskega dela festivala<\/p>\n\n\n\n<figure class=\"wp-block-image size-large\"><img decoding=\"async\" src=\"https:\/\/music-spectrum.com\/festivalspectrum2021\/wp-content\/uploads\/2021\/07\/logo-imago.jpeg\" alt=\"\" class=\"wp-image-49\"\/><\/figure>\n","protected":false},"excerpt":{"rendered":"<p>Michael Bochmann, violina Kaj:\u00a0Klasi\u010dna glasba Kdaj:\u00a0sreda, 20.7.2021 od 20.30\u00a0do 22.30 Kje:\u00a0Mestni muzej Ljubljana Brez vstopnine &#8211; Brezpla\u010dne vstopnice lahko prevzamete zadnjo uro pred koncertom na vhodu v Mestni muzej. \u0160tevilo mest je omejeno, zato vam svetujemo, da pridete nekoliko prej. Spored: Johan Sebastian Bach: Partita za violino solo \u0161t. 1 v h molu AllemandaDoubleCorrenteDouble, PrestoSarabandeDoubleTempo&hellip;&nbsp;<a href=\"https:\/\/music-spectrum.com\/index.php\/festival-spectrum-2022-michael-bochmann-violina\/\" class=\"\" rel=\"bookmark\">Read More &raquo;<span class=\"screen-reader-text\">Festival Spectrum 2022 &#8211; Michael Bochmann, violina<\/span><\/a><\/p>\n","protected":false},"author":1,"featured_media":0,"parent":0,"menu_order":0,"comment_status":"closed","ping_status":"closed","template":"","meta":{"neve_meta_sidebar":"","neve_meta_container":"","neve_meta_enable_content_width":"","neve_meta_content_width":0,"neve_meta_title_alignment":"","neve_meta_author_avatar":"","neve_post_elements_order":"","neve_meta_disable_header":"","neve_meta_disable_footer":"","neve_meta_disable_title":"on","footnotes":""},"class_list":["post-17","page","type-page","status-publish","hentry"],"_links":{"self":[{"href":"https:\/\/music-spectrum.com\/index.php\/wp-json\/wp\/v2\/pages\/17","targetHints":{"allow":["GET"]}}],"collection":[{"href":"https:\/\/music-spectrum.com\/index.php\/wp-json\/wp\/v2\/pages"}],"about":[{"href":"https:\/\/music-spectrum.com\/index.php\/wp-json\/wp\/v2\/types\/page"}],"author":[{"embeddable":true,"href":"https:\/\/music-spectrum.com\/index.php\/wp-json\/wp\/v2\/users\/1"}],"replies":[{"embeddable":true,"href":"https:\/\/music-spectrum.com\/index.php\/wp-json\/wp\/v2\/comments?post=17"}],"version-history":[{"count":6,"href":"https:\/\/music-spectrum.com\/index.php\/wp-json\/wp\/v2\/pages\/17\/revisions"}],"predecessor-version":[{"id":126,"href":"https:\/\/music-spectrum.com\/index.php\/wp-json\/wp\/v2\/pages\/17\/revisions\/126"}],"wp:attachment":[{"href":"https:\/\/music-spectrum.com\/index.php\/wp-json\/wp\/v2\/media?parent=17"}],"curies":[{"name":"wp","href":"https:\/\/api.w.org\/{rel}","templated":true}]}}